
{"id":73652,"date":"2025-10-05T15:55:52","date_gmt":"2025-10-05T12:55:53","guid":{"rendered":"https:\/\/ifeelyoga.com\/?post_type=product&#038;p=73652"},"modified":"2025-10-14T13:58:13","modified_gmt":"2025-10-14T10:58:13","slug":"26-29-october-2025-deepening-in-yoga-with-faruk-kurtulus","status":"publish","type":"product","link":"https:\/\/ifeelyoga.com\/en\/p\/26-29-october-2025-deepening-in-yoga-with-faruk-kurtulus\/","title":{"rendered":"26\u201329 October 2025 \/ Deepening in Yoga with Faruk Kurtulu\u015f"},"content":{"rendered":"<p class=\"p1\"><b>DEEPENING CAMP \u2013 26\u201329 OCTOBER<\/b><b><\/b><\/p>\n<p class=\"p3\">Here is the general schedule of the camp:<\/p>\n<p class=\"p1\"><b>PROGRAM<\/b><b><\/b><\/p>\n<p class=\"p3\">07:30 \u2013 09:30<span class=\"Apple-converted-space\">\u00a0 <\/span>Yoga<\/p>\n<p class=\"p3\">09:30 \u2013 11:00<span class=\"Apple-converted-space\">\u00a0 <\/span>Breakfast<\/p>\n<p class=\"p3\">11:00 \u2013 16:00<span class=\"Apple-converted-space\">\u00a0 <\/span>Free time<\/p>\n<p class=\"p3\">16:00 \u2013 17:30<span class=\"Apple-converted-space\">\u00a0 <\/span>Yoga<\/p>\n<p class=\"p3\">18:00 \u2013 19:30<span class=\"Apple-converted-space\">\u00a0 <\/span>Dinner<\/p>\n<p class=\"p3\">20:30 \u2013 21:45<span class=\"Apple-converted-space\">\u00a0 <\/span>Short film night and meditation<\/p>\n<p class=\"p3\">On the first day, our opening class will begin at 18:00.<\/p>\n<p class=\"p3\">On the final day, we will close the camp with a morning session after breakfast, finishing at 12:30.<\/p>\n<p class=\"p3\">The camp is open to participants of all levels.<\/p>\n<p class=\"p1\"><b>ACCOMMODATION FEES<\/b><b><\/b><\/p>\n<p class=\"p3\">Accommodation and organization fees are paid separately to the venue and are not included in the participation fee for the yoga program. Prices are as follows:<\/p>\n<p class=\"p3\">\u2022 Triple room with private bathroom (per person): 8.100 TL (VAT included)<\/p>\n<p class=\"p3\">\u2022 Double room with private bathroom (per person): 9,000 TL (VAT included)<\/p>\n<p class=\"p3\">\u2022 Single room with private bathroom: 12,750 TL (VAT included)<\/p>\n<p class=\"p3\">These prices include a vegetarian open buffet breakfast, lunch, and dinner.<\/p>\n<p class=\"p1\"><b>CAMP ADDRESS<\/b><b><\/b><\/p>\n<p class=\"p1\"><b>Stoa \u2013 Center for Body Arts and Research<\/b><b><\/b><\/p>\n<p class=\"p3\">Kayserkaya Sokak No:20<\/p>\n<p class=\"p3\">\u015eirince, Sel\u00e7uk \u2013 \u0130ZM\u0130R<\/p>\n<p class=\"p1\"><b>TRANSPORTATION<\/b><b><\/b><\/p>\n<p class=\"p1\"><b>By Bus:<\/b><b><\/b><\/p>\n<p class=\"p3\">There are regular minibuses from Sel\u00e7uk to \u015eirince. The first minibus departs at 07:00, then every 20 minutes until 10:00, and every 30 minutes after 10:00. Get off in front of Yorgo Restaurant in \u015eirince and follow the signs.<\/p>\n<p class=\"p1\"><b>By Train:<\/b><b><\/b><\/p>\n<p class=\"p3\">You can check the current timetable for the mainline trains to Sel\u00e7uk.<\/p>\n<p class=\"p3\">Sel\u00e7uk Train Station contact: +90 232 892 60 06<\/p>\n<p class=\"p1\"><b>By Plane:<\/b><b><\/b><\/p>\n<p class=\"p3\">The nearest airport is \u0130zmir Adnan Menderes Airport. From there, you can reach Sel\u00e7uk by train, Hava\u015f shuttle, or private transfer.<\/p>\n<p class=\"p1\"><b>Private Transfer \/ Taxi:<\/b><b><\/b><\/p>\n<p class=\"p3\">Mustafa Bey: +90 552 699 19 14<\/p>\n<p class=\"p1\"><b>By Car:<\/b><b><\/b><\/p>\n<p class=\"p3\">Take the \u0130zmir\u2013Ayd\u0131n highway, pass through the Torbal\u0131 and Sel\u00e7uk toll booths, and follow the signs to \u015eirince.<\/p>\n","protected":false},"excerpt":{"rendered":"<p class=\"p1\"><b>Deepening in Yoga with Faruk Kurtulu\u015f<\/b><b><\/b><\/p>\n<p class=\"p1\"><b>26\u201329 October 2025 | Stoa \/ \u015eirince<\/b><b><\/b><\/p>\n<p class=\"p3\">From 26 to 29 October, we\u2019ll gather at Stoa for a <span class=\"s1\"><b>Deepening in Yoga Camp<\/b><\/span> designed exclusively for graduates. This gathering offers a focused space to explore newly designed intermediate\u2013advanced sequences and asanas, address your questions in person, and experience different entry\u2013exit pathways and variations.<\/p>\n<p class=\"p1\"><b>Program Highlights<\/b><b><\/b><\/p>\n<p class=\"p3\">\u2022 Morning and late afternoon yoga classes<\/p>\n<p class=\"p3\">\u2022 Evening film screenings<\/p>\n<p class=\"p3\">\u2022 Somatic practices<\/p>\n<p class=\"p3\">\u2022 Philosophy talks<\/p>\n<p class=\"p1\"><b>Level<\/b><b><\/b><\/p>\n<p class=\"p3\">This camp is open exclusively to training graduates.<\/p>\n<p class=\"p1\"><b>Yoga Alliance Certificate<\/b><b><\/b><\/p>\n<p class=\"p1\"><span class=\"s2\">All participants will receive a <\/span><b>20-hour Yoga Alliance Continuing Education (CE)<\/b><span class=\"s2\"> Certificate.<\/span><\/p>\n<h3><b>Participation and Accommodation Fees<\/b><\/h3>\n<p class=\"p3\">The fee for yoga, meditation, and somatic practices is paid to us. Accommodation and meals are paid separately to the venue.<\/p>\n<p class=\"p1\"><b>Yoga, Meditation, and Somatic Practices<\/b><b><\/b><\/p>\n<p class=\"p3\">\u2022 Regular: 7,500 TL + VAT<\/p>\n<p class=\"p1\"><b>Accommodation (3 nights, including breakfast, lunch, and dinner, per person)<\/b><b><\/b><\/p>\n<p class=\"p3\">\u2022 Triple room with private bathroom: 8.100 TL (VAT included)<\/p>\n<p class=\"p3\">\u2022 Double room with private bathroom: 9,000 TL (VAT included)<\/p>\n<p class=\"p3\">\u2022 Single room with private bathroom: 12,750 TL (VAT included)<\/p>\n","protected":false},"featured_media":73654,"comment_status":"closed","ping_status":"closed","template":"","meta":[],"product_brand":[],"product_cat":[81],"product_tag":[],"class_list":{"0":"post-73652","1":"product","2":"type-product","3":"status-publish","4":"has-post-thumbnail","6":"product_cat-retreats","8":"first","9":"instock","10":"virtual","11":"taxable","12":"purchasable","13":"product-type-simple"},"yoast_head":"<!-- This site is optimized with the Yoast SEO plugin v27.3 - https:\/\/yoast.com\/product\/yoast-seo-wordpress\/ -->\n<title>26\u201329 October 2025 \/ Deepening in Yoga with Faruk Kurtulu\u015f &#187; I FEEL YOGA<\/title>\n<meta name=\"robots\" content=\"index, follow, max-snippet:-1, max-image-preview:large, max-video-preview:-1\" \/>\n<link rel=\"canonical\" href=\"https:\/\/ifeelyoga.com\/en\/p\/26-29-october-2025-deepening-in-yoga-with-faruk-kurtulus\/\" \/>\n<meta property=\"og:locale\" content=\"en_US\" \/>\n<meta property=\"og:type\" content=\"article\" \/>\n<meta property=\"og:title\" content=\"26\u201329 October 2025 \/ Deepening in Yoga with Faruk Kurtulu\u015f &#187; I FEEL YOGA\" \/>\n<meta property=\"og:description\" content=\"Deepening in Yoga with Faruk Kurtulu\u015f 26\u201329 October 2025 | Stoa \/ \u015eirince From 26 to 29 October, we\u2019ll gather at Stoa for a Deepening in Yoga Camp designed exclusively for graduates. This gathering offers a focused space to explore newly designed intermediate\u2013advanced sequences and asanas, address your questions in person, and experience different entry\u2013exit pathways and variations. Program Highlights \u2022 Morning and late afternoon yoga classes \u2022 Evening film screenings \u2022 Somatic practices \u2022 Philosophy talks Level This camp is open exclusively to training graduates. Yoga Alliance Certificate All participants will receive a 20-hour Yoga Alliance Continuing Education (CE) Certificate.  Participation and Accommodation Fees The fee for yoga, meditation, and somatic practices is paid to us. Accommodation and meals are paid separately to the venue. Yoga, Meditation, and Somatic Practices \u2022 Regular: 7,500 TL + VAT Accommodation (3 nights, including breakfast, lunch, and dinner, per person) \u2022 Triple room with private bathroom: 8.100 TL (VAT included) \u2022 Double room with private bathroom: 9,000 TL (VAT included) \u2022 Single room with private bathroom: 12,750 TL (VAT included)\" \/>\n<meta property=\"og:url\" content=\"https:\/\/ifeelyoga.com\/en\/p\/26-29-october-2025-deepening-in-yoga-with-faruk-kurtulus\/\" \/>\n<meta property=\"og:site_name\" content=\"I FEEL YOGA\" \/>\n<meta property=\"article:publisher\" content=\"https:\/\/www.facebook.com\/dwami\" \/>\n<meta property=\"article:modified_time\" content=\"2025-10-14T10:58:13+00:00\" \/>\n<meta property=\"og:image\" content=\"https:\/\/ifeelyoga.com\/wp-content\/uploads\/2025\/10\/derinlesme-kampii-800x800.png\" \/>\n\t<meta property=\"og:image:width\" content=\"800\" \/>\n\t<meta property=\"og:image:height\" content=\"800\" \/>\n\t<meta property=\"og:image:type\" content=\"image\/png\" \/>\n<meta name=\"twitter:card\" content=\"summary_large_image\" \/>\n<meta name=\"twitter:site\" content=\"@dwamifarokh\" \/>\n<meta name=\"twitter:label1\" content=\"Est. reading time\" \/>\n\t<meta name=\"twitter:data1\" content=\"2 minutes\" \/>\n<script type=\"application\/ld+json\" class=\"yoast-schema-graph\">{\"@context\":\"https:\\\/\\\/schema.org\",\"@graph\":[{\"@type\":\"WebPage\",\"@id\":\"https:\\\/\\\/ifeelyoga.com\\\/en\\\/p\\\/26-29-october-2025-deepening-in-yoga-with-faruk-kurtulus\\\/\",\"url\":\"https:\\\/\\\/ifeelyoga.com\\\/en\\\/p\\\/26-29-october-2025-deepening-in-yoga-with-faruk-kurtulus\\\/\",\"name\":\"26\u201329 October 2025 \\\/ Deepening in Yoga with Faruk Kurtulu\u015f &#187; I FEEL YOGA\",\"isPartOf\":{\"@id\":\"https:\\\/\\\/ifeelyoga.com\\\/#website\"},\"primaryImageOfPage\":{\"@id\":\"https:\\\/\\\/ifeelyoga.com\\\/en\\\/p\\\/26-29-october-2025-deepening-in-yoga-with-faruk-kurtulus\\\/#primaryimage\"},\"image\":{\"@id\":\"https:\\\/\\\/ifeelyoga.com\\\/en\\\/p\\\/26-29-october-2025-deepening-in-yoga-with-faruk-kurtulus\\\/#primaryimage\"},\"thumbnailUrl\":\"https:\\\/\\\/ifeelyoga.com\\\/wp-content\\\/uploads\\\/2025\\\/10\\\/derinlesme-kampii.png\",\"datePublished\":\"2025-10-05T12:55:53+00:00\",\"dateModified\":\"2025-10-14T10:58:13+00:00\",\"breadcrumb\":{\"@id\":\"https:\\\/\\\/ifeelyoga.com\\\/en\\\/p\\\/26-29-october-2025-deepening-in-yoga-with-faruk-kurtulus\\\/#breadcrumb\"},\"inLanguage\":\"en-US\",\"potentialAction\":[{\"@type\":\"ReadAction\",\"target\":[\"https:\\\/\\\/ifeelyoga.com\\\/en\\\/p\\\/26-29-october-2025-deepening-in-yoga-with-faruk-kurtulus\\\/\"]}]},{\"@type\":\"ImageObject\",\"inLanguage\":\"en-US\",\"@id\":\"https:\\\/\\\/ifeelyoga.com\\\/en\\\/p\\\/26-29-october-2025-deepening-in-yoga-with-faruk-kurtulus\\\/#primaryimage\",\"url\":\"https:\\\/\\\/ifeelyoga.com\\\/wp-content\\\/uploads\\\/2025\\\/10\\\/derinlesme-kampii.png\",\"contentUrl\":\"https:\\\/\\\/ifeelyoga.com\\\/wp-content\\\/uploads\\\/2025\\\/10\\\/derinlesme-kampii.png\",\"width\":1080,\"height\":1080},{\"@type\":\"BreadcrumbList\",\"@id\":\"https:\\\/\\\/ifeelyoga.com\\\/en\\\/p\\\/26-29-october-2025-deepening-in-yoga-with-faruk-kurtulus\\\/#breadcrumb\",\"itemListElement\":[{\"@type\":\"ListItem\",\"position\":1,\"name\":\"Ana sayfa\",\"item\":\"https:\\\/\\\/ifeelyoga.com\\\/en\\\/\"},{\"@type\":\"ListItem\",\"position\":2,\"name\":\"SHOP\",\"item\":\"https:\\\/\\\/ifeelyoga.com\\\/en\\\/shop\\\/\"},{\"@type\":\"ListItem\",\"position\":3,\"name\":\"26\u201329 October 2025 \\\/ Deepening in Yoga with Faruk Kurtulu\u015f\"}]},{\"@type\":\"WebSite\",\"@id\":\"https:\\\/\\\/ifeelyoga.com\\\/#website\",\"url\":\"https:\\\/\\\/ifeelyoga.com\\\/\",\"name\":\"I FEEL YOGA\",\"description\":\"\",\"publisher\":{\"@id\":\"https:\\\/\\\/ifeelyoga.com\\\/#organization\"},\"potentialAction\":[{\"@type\":\"SearchAction\",\"target\":{\"@type\":\"EntryPoint\",\"urlTemplate\":\"https:\\\/\\\/ifeelyoga.com\\\/?s={search_term_string}\"},\"query-input\":{\"@type\":\"PropertyValueSpecification\",\"valueRequired\":true,\"valueName\":\"search_term_string\"}}],\"inLanguage\":\"en-US\"},{\"@type\":\"Organization\",\"@id\":\"https:\\\/\\\/ifeelyoga.com\\\/#organization\",\"name\":\"I FEEL YOGA\",\"url\":\"https:\\\/\\\/ifeelyoga.com\\\/\",\"logo\":{\"@type\":\"ImageObject\",\"inLanguage\":\"en-US\",\"@id\":\"https:\\\/\\\/ifeelyoga.com\\\/#\\\/schema\\\/logo\\\/image\\\/\",\"url\":\"https:\\\/\\\/ifeelyoga.com\\\/wp-content\\\/uploads\\\/2023\\\/09\\\/i_f_y_LOGO.png\",\"contentUrl\":\"https:\\\/\\\/ifeelyoga.com\\\/wp-content\\\/uploads\\\/2023\\\/09\\\/i_f_y_LOGO.png\",\"width\":2862,\"height\":2146,\"caption\":\"I FEEL YOGA\"},\"image\":{\"@id\":\"https:\\\/\\\/ifeelyoga.com\\\/#\\\/schema\\\/logo\\\/image\\\/\"},\"sameAs\":[\"https:\\\/\\\/www.facebook.com\\\/dwami\",\"https:\\\/\\\/x.com\\\/dwamifarokh\",\"http:\\\/\\\/ifeelyoga\",\"https:\\\/\\\/www.instagram.com\\\/ifeelyoga\"]}]}<\/script>\n<!-- \/ Yoast SEO plugin. -->","yoast_head_json":{"title":"26\u201329 October 2025 \/ Deepening in Yoga with Faruk Kurtulu\u015f &#187; I FEEL YOGA","robots":{"index":"index","follow":"follow","max-snippet":"max-snippet:-1","max-image-preview":"max-image-preview:large","max-video-preview":"max-video-preview:-1"},"canonical":"https:\/\/ifeelyoga.com\/en\/p\/26-29-october-2025-deepening-in-yoga-with-faruk-kurtulus\/","og_locale":"en_US","og_type":"article","og_title":"26\u201329 October 2025 \/ Deepening in Yoga with Faruk Kurtulu\u015f &#187; I FEEL YOGA","og_description":"Deepening in Yoga with Faruk Kurtulu\u015f 26\u201329 October 2025 | Stoa \/ \u015eirince From 26 to 29 October, we\u2019ll gather at Stoa for a Deepening in Yoga Camp designed exclusively for graduates. This gathering offers a focused space to explore newly designed intermediate\u2013advanced sequences and asanas, address your questions in person, and experience different entry\u2013exit pathways and variations. Program Highlights \u2022 Morning and late afternoon yoga classes \u2022 Evening film screenings \u2022 Somatic practices \u2022 Philosophy talks Level This camp is open exclusively to training graduates. Yoga Alliance Certificate All participants will receive a 20-hour Yoga Alliance Continuing Education (CE) Certificate.  Participation and Accommodation Fees The fee for yoga, meditation, and somatic practices is paid to us. Accommodation and meals are paid separately to the venue. Yoga, Meditation, and Somatic Practices \u2022 Regular: 7,500 TL + VAT Accommodation (3 nights, including breakfast, lunch, and dinner, per person) \u2022 Triple room with private bathroom: 8.100 TL (VAT included) \u2022 Double room with private bathroom: 9,000 TL (VAT included) \u2022 Single room with private bathroom: 12,750 TL (VAT included)","og_url":"https:\/\/ifeelyoga.com\/en\/p\/26-29-october-2025-deepening-in-yoga-with-faruk-kurtulus\/","og_site_name":"I FEEL YOGA","article_publisher":"https:\/\/www.facebook.com\/dwami","article_modified_time":"2025-10-14T10:58:13+00:00","og_image":[{"width":800,"height":800,"url":"https:\/\/ifeelyoga.com\/wp-content\/uploads\/2025\/10\/derinlesme-kampii-800x800.png","type":"image\/png"}],"twitter_card":"summary_large_image","twitter_site":"@dwamifarokh","twitter_misc":{"Est. reading time":"2 minutes"},"schema":{"@context":"https:\/\/schema.org","@graph":[{"@type":"WebPage","@id":"https:\/\/ifeelyoga.com\/en\/p\/26-29-october-2025-deepening-in-yoga-with-faruk-kurtulus\/","url":"https:\/\/ifeelyoga.com\/en\/p\/26-29-october-2025-deepening-in-yoga-with-faruk-kurtulus\/","name":"26\u201329 October 2025 \/ Deepening in Yoga with Faruk Kurtulu\u015f &#187; I FEEL YOGA","isPartOf":{"@id":"https:\/\/ifeelyoga.com\/#website"},"primaryImageOfPage":{"@id":"https:\/\/ifeelyoga.com\/en\/p\/26-29-october-2025-deepening-in-yoga-with-faruk-kurtulus\/#primaryimage"},"image":{"@id":"https:\/\/ifeelyoga.com\/en\/p\/26-29-october-2025-deepening-in-yoga-with-faruk-kurtulus\/#primaryimage"},"thumbnailUrl":"https:\/\/ifeelyoga.com\/wp-content\/uploads\/2025\/10\/derinlesme-kampii.png","datePublished":"2025-10-05T12:55:53+00:00","dateModified":"2025-10-14T10:58:13+00:00","breadcrumb":{"@id":"https:\/\/ifeelyoga.com\/en\/p\/26-29-october-2025-deepening-in-yoga-with-faruk-kurtulus\/#breadcrumb"},"inLanguage":"en-US","potentialAction":[{"@type":"ReadAction","target":["https:\/\/ifeelyoga.com\/en\/p\/26-29-october-2025-deepening-in-yoga-with-faruk-kurtulus\/"]}]},{"@type":"ImageObject","inLanguage":"en-US","@id":"https:\/\/ifeelyoga.com\/en\/p\/26-29-october-2025-deepening-in-yoga-with-faruk-kurtulus\/#primaryimage","url":"https:\/\/ifeelyoga.com\/wp-content\/uploads\/2025\/10\/derinlesme-kampii.png","contentUrl":"https:\/\/ifeelyoga.com\/wp-content\/uploads\/2025\/10\/derinlesme-kampii.png","width":1080,"height":1080},{"@type":"BreadcrumbList","@id":"https:\/\/ifeelyoga.com\/en\/p\/26-29-october-2025-deepening-in-yoga-with-faruk-kurtulus\/#breadcrumb","itemListElement":[{"@type":"ListItem","position":1,"name":"Ana sayfa","item":"https:\/\/ifeelyoga.com\/en\/"},{"@type":"ListItem","position":2,"name":"SHOP","item":"https:\/\/ifeelyoga.com\/en\/shop\/"},{"@type":"ListItem","position":3,"name":"26\u201329 October 2025 \/ Deepening in Yoga with Faruk Kurtulu\u015f"}]},{"@type":"WebSite","@id":"https:\/\/ifeelyoga.com\/#website","url":"https:\/\/ifeelyoga.com\/","name":"I FEEL YOGA","description":"","publisher":{"@id":"https:\/\/ifeelyoga.com\/#organization"},"potentialAction":[{"@type":"SearchAction","target":{"@type":"EntryPoint","urlTemplate":"https:\/\/ifeelyoga.com\/?s={search_term_string}"},"query-input":{"@type":"PropertyValueSpecification","valueRequired":true,"valueName":"search_term_string"}}],"inLanguage":"en-US"},{"@type":"Organization","@id":"https:\/\/ifeelyoga.com\/#organization","name":"I FEEL YOGA","url":"https:\/\/ifeelyoga.com\/","logo":{"@type":"ImageObject","inLanguage":"en-US","@id":"https:\/\/ifeelyoga.com\/#\/schema\/logo\/image\/","url":"https:\/\/ifeelyoga.com\/wp-content\/uploads\/2023\/09\/i_f_y_LOGO.png","contentUrl":"https:\/\/ifeelyoga.com\/wp-content\/uploads\/2023\/09\/i_f_y_LOGO.png","width":2862,"height":2146,"caption":"I FEEL YOGA"},"image":{"@id":"https:\/\/ifeelyoga.com\/#\/schema\/logo\/image\/"},"sameAs":["https:\/\/www.facebook.com\/dwami","https:\/\/x.com\/dwamifarokh","http:\/\/ifeelyoga","https:\/\/www.instagram.com\/ifeelyoga"]}]}},"jetpack_sharing_enabled":true,"_links":{"self":[{"href":"https:\/\/ifeelyoga.com\/en\/wp-json\/wp\/v2\/product\/73652","targetHints":{"allow":["GET"]}}],"collection":[{"href":"https:\/\/ifeelyoga.com\/en\/wp-json\/wp\/v2\/product"}],"about":[{"href":"https:\/\/ifeelyoga.com\/en\/wp-json\/wp\/v2\/types\/product"}],"replies":[{"embeddable":true,"href":"https:\/\/ifeelyoga.com\/en\/wp-json\/wp\/v2\/comments?post=73652"}],"wp:featuredmedia":[{"embeddable":true,"href":"https:\/\/ifeelyoga.com\/en\/wp-json\/wp\/v2\/media\/73654"}],"wp:attachment":[{"href":"https:\/\/ifeelyoga.com\/en\/wp-json\/wp\/v2\/media?parent=73652"}],"wp:term":[{"taxonomy":"product_brand","embeddable":true,"href":"https:\/\/ifeelyoga.com\/en\/wp-json\/wp\/v2\/product_brand?post=73652"},{"taxonomy":"product_cat","embeddable":true,"href":"https:\/\/ifeelyoga.com\/en\/wp-json\/wp\/v2\/product_cat?post=73652"},{"taxonomy":"product_tag","embeddable":true,"href":"https:\/\/ifeelyoga.com\/en\/wp-json\/wp\/v2\/product_tag?post=73652"}],"curies":[{"name":"wp","href":"https:\/\/api.w.org\/{rel}","templated":true}]}}